{"id":4588,"date":"2026-01-06T10:39:38","date_gmt":"2026-01-06T10:39:38","guid":{"rendered":"https:\/\/www.lawspropertyportugal.com\/terms-and-conditions\/"},"modified":"2026-03-04T15:59:18","modified_gmt":"2026-03-04T15:59:18","slug":"termos-e-condicoes","status":"publish","type":"page","link":"https:\/\/www.lawspropertyportugal.com\/pt-pt\/termos-e-condicoes\/","title":{"rendered":"Termos e Condi\u00e7\u00f5es"},"content":{"rendered":"\t\t<div data-elementor-type=\"wp-page\" data-elementor-id=\"4588\" class=\"elementor elementor-4588 elementor-4318\">\n\t\t\t\t<div class=\"elementor-element elementor-element-d249376 e-flex e-con-boxed e-con e-parent\" data-id=\"d249376\" data-element_type=\"container\" data-settings=\"{&quot;background_background&quot;:&quot;classic&quot;}\">\n\t\t\t\t\t<div class=\"e-con-inner\">\n\t\t<div class=\"elementor-element elementor-element-c8b8e63 e-con-full e-flex e-con e-child\" data-id=\"c8b8e63\" data-element_type=\"container\" data-settings=\"{&quot;background_background&quot;:&quot;classic&quot;}\">\n\t\t\t\t<div class=\"elementor-element elementor-element-30a9b25 elementor-widget elementor-widget-heading\" data-id=\"30a9b25\" data-element_type=\"widget\" data-widget_type=\"heading.default\">\n\t\t\t\t\t<h2 class=\"elementor-heading-title elementor-size-default\">Termos and Condi\u00e7\u00f5es\n<\/h2>\t\t\t\t<\/div>\n\t\t\t\t<div class=\"elementor-element elementor-element-8ae3a0e elementor-widget elementor-widget-text-editor\" data-id=\"8ae3a0e\" data-element_type=\"widget\" data-widget_type=\"text-editor.default\">\n\t\t\t\t\t\t\t\t\t<h3>Informa\u00e7\u00f5es<\/h3>\nEstes termos e condi\u00e7\u00f5es (\u201cAcordo\u201d) estabelecem os termos e condi\u00e7\u00f5es gerais de utiliza\u00e7\u00e3o do website lawspropertyportugal.com (\u201cWebsite\u201d ou \u201cServi\u00e7o\u201d) e de quaisquer produtos e servi\u00e7os relacionados (coletivamente, \u201cServi\u00e7os\u201d). Este Acordo \u00e9 juridicamente vinculativo entre si (\u201cUtilizador\u201d, \u201cvoc\u00ea\u201d ou \u201cseu\u201d) e a Laws Media\u00e7\u00e3o Imobili\u00e1ria Lda (com o nome comercial \u201cLaws Property Portugal\u201d, \u201cn\u00f3s\u201d, \u201cnos\u201d ou \u201cnossos\u201d). Se estiver a celebrar este Acordo em nome de uma empresa ou outra entidade jur\u00eddica, declara que tem autoridade para vincular essa entidade a este Acordo, caso em que os termos \u201cUtilizador\u201d, \u201cvoc\u00ea\u201d ou \u201cseu\u201d se referir\u00e3o a essa entidade. Se n\u00e3o tiver essa autoridade, ou se n\u00e3o concordar com os termos deste Acordo, n\u00e3o deve aceitar este Acordo nem aceder e utilizar o Website e os Servi\u00e7os.\n\nAo aceder e utilizar o Website e os Servi\u00e7os, reconhece que leu, compreendeu e concorda em ficar vinculado aos termos deste Acordo. Voc\u00ea reconhece que este Contrato \u00e9 um contrato entre voc\u00ea e a Laws Property Portugal, mesmo que seja eletr\u00f4nico e n\u00e3o esteja fisicamente assinado por voc\u00ea, e que ele rege o seu uso do Site e dos Servi\u00e7os.\n<h4>Faturamento e pagamentos<\/h4>\nVoc\u00ea dever\u00e1 pagar todas as taxas ou encargos da sua conta de acordo com as taxas, encargos e termos de faturamento vigentes no momento em que uma taxa ou encargo for devido e pag\u00e1vel. Se, a nosso ver, sua compra constituir uma transa\u00e7\u00e3o de alto risco, exigiremos que voc\u00ea nos forne\u00e7a uma c\u00f3pia de um documento de identifica\u00e7\u00e3o com foto v\u00e1lido emitido pelo governo e, possivelmente, uma c\u00f3pia de um extrato banc\u00e1rio recente do cart\u00e3o de cr\u00e9dito ou d\u00e9bito usado para a compra. Reservamo-nos o direito de alterar os pre\u00e7os dos produtos a qualquer momento.\t\t\t\t\t\t\t\t<\/div>\n\t\t\t\t<div class=\"elementor-element elementor-element-e38d364 elementor-widget elementor-widget-text-editor\" data-id=\"e38d364\" data-element_type=\"widget\" id=\"aml-compliance\" data-widget_type=\"text-editor.default\">\n\t\t\t\t\t\t\t\t\t<h4>Conformidade com as normas de Preven\u00e7\u00e3o \u00e0 Lavagem de Dinheiro (PLD)<\/h4>\nEm conformidade com a Lei Portuguesa n.\u00ba 83\/2017 e com as normas estabelecidas pelo IMPIC (Instituto dos Mercados P\u00fablicos, Imobili\u00e1rio e da Constru\u00e7\u00e3o), a Media\u00e7\u00e3o Imobili\u00e1ria, Ldal \u00e9 legalmente obrigada a implementar procedimentos de Preven\u00e7\u00e3o \u00e0 Lavagem de Dinheiro e ao Financiamento do Terrorismo (PLD\/FT).\n\nAssim, temos a obriga\u00e7\u00e3o de identificar e verificar a identidade de todos os clientes (compradores e vendedores) envolvidos em transa\u00e7\u00f5es imobili\u00e1rias. Este processo inclui a recolha de documentos de identifica\u00e7\u00e3o, comprovativo de morada e, quando aplic\u00e1vel, informa\u00e7\u00f5es sobre a origem dos fundos e o benefici\u00e1rio final. Todos os dados recolhidos para este efeito ser\u00e3o tratados em estrita conformidade com o Regulamento Geral sobre a Prote\u00e7\u00e3o de Dados (RGPD).\t\t\t\t\t\t\t\t<\/div>\n\t\t\t\t<div class=\"elementor-element elementor-element-1893448 elementor-widget elementor-widget-text-editor\" data-id=\"1893448\" data-element_type=\"widget\" data-widget_type=\"text-editor.default\">\n\t\t\t\t\t\t\t\t\t<h4>Precis\u00e3o das informa\u00e7\u00f5es<\/h4>\nOcasionalmente, pode haver informa\u00e7\u00f5es no Site que contenham erros tipogr\u00e1ficos, imprecis\u00f5es ou omiss\u00f5es que podem estar relacionadas a pre\u00e7os, disponibilidade, promo\u00e7\u00f5es e ofertas. Reservamo-nos o direito de corrigir quaisquer erros, imprecis\u00f5es ou omiss\u00f5es e de alterar ou atualizar informa\u00e7\u00f5es ou cancelar pedidos se qualquer informa\u00e7\u00e3o no Site ou nos Servi\u00e7os estiver imprecisa a qualquer momento, sem aviso pr\u00e9vio (inclusive ap\u00f3s o envio do seu pedido). N\u00e3o nos comprometemos a atualizar, alterar ou esclarecer informa\u00e7\u00f5es no Site, incluindo, sem limita\u00e7\u00e3o, informa\u00e7\u00f5es sobre pre\u00e7os, exceto conforme exigido por lei. Nenhuma data espec\u00edfica de atualiza\u00e7\u00e3o ou renova\u00e7\u00e3o aplicada ao Site deve ser interpretada como indica\u00e7\u00e3o de que todas as informa\u00e7\u00f5es no Site ou nos Servi\u00e7os foram modificadas ou atualizadas.\n\n<h4>Links para outros recursos<\/h4>\nEmbora o Site e os Servi\u00e7os possam conter links para outros recursos (como sites, aplicativos m\u00f3veis etc.), n\u00e3o estamos, direta ou indiretamente, sugerindo qualquer aprova\u00e7\u00e3o, associa\u00e7\u00e3o, patroc\u00ednio, endosso ou afilia\u00e7\u00e3o com qualquer recurso vinculado, a menos que seja especificamente declarado neste documento. Alguns dos links no site podem ser &#8220;links de afiliados&#8221;. Isso significa que, se voc\u00ea clicar no link e comprar um item, a Laws Property Portugal receber\u00e1 uma comiss\u00e3o de afiliado. N\u00e3o somos respons\u00e1veis \u200b\u200bpor examinar ou avaliar, nem garantimos as ofertas de quaisquer empresas ou indiv\u00edduos, ou o conte\u00fado de seus recursos. N\u00e3o assumimos qualquer responsabilidade por a\u00e7\u00f5es, produtos, servi\u00e7os e conte\u00fado de terceiros. Voc\u00ea deve revisar cuidadosamente as declara\u00e7\u00f5es legais e outras condi\u00e7\u00f5es de uso de qualquer recurso que voc\u00ea acessar por meio de um link no site. O acesso a quaisquer outros recursos externos \u00e9 por sua conta e risco.\n<h4>Altera\u00e7\u00f5es e emendas<\/h4>\nReservamo-nos o direito de modificar este Contrato ou seus termos relacionados ao Site e aos Servi\u00e7os a qualquer momento, a nosso crit\u00e9rio. Quando o fizermos, revisaremos a data de atualiza\u00e7\u00e3o na parte inferior desta p\u00e1gina. Tamb\u00e9m podemos notific\u00e1-lo de outras maneiras, a nosso crit\u00e9rio, como por meio das informa\u00e7\u00f5es de contato que voc\u00ea forneceu.\n\nUma vers\u00e3o atualizada deste Contrato entrar\u00e1 em vigor imediatamente ap\u00f3s a publica\u00e7\u00e3o do Contrato revisado, salvo indica\u00e7\u00e3o em contr\u00e1rio. Seu uso continuado do Site e dos Servi\u00e7os ap\u00f3s a data de vig\u00eancia do Contrato revisado (ou outro ato especificado naquele momento) constituir\u00e1 seu consentimento a essas altera\u00e7\u00f5es.\n<h4>Aceita\u00e7\u00e3o destes termos<\/h4>\nVoc\u00ea reconhece que leu este Contrato e concorda com todos os seus termos e condi\u00e7\u00f5es. Ao acessar e usar o Site e os Servi\u00e7os, voc\u00ea concorda em ficar vinculado a este Contrato. Se voc\u00ea n\u00e3o concordar em cumprir os termos deste Contrato, n\u00e3o est\u00e1 autorizado a acessar ou usar o Site e os Servi\u00e7os.\t\t\t\t\t\t\t\t<\/div>\n\t\t\t\t<div class=\"elementor-element elementor-element-aaf8859 elementor-widget elementor-widget-text-editor\" data-id=\"aaf8859\" data-element_type=\"widget\" data-widget_type=\"text-editor.default\">\n\t\t\t\t\t\t\t\t\t<h4>Como entrar em contato conosco<\/h4>\nCaso tenha alguma d\u00favida, preocupa\u00e7\u00e3o ou reclama\u00e7\u00e3o referente a este Contrato, entre em contato conosco utilizando as informa\u00e7\u00f5es abaixo:\n\n<a href=\"https:\/\/www.lawspropertyportugal.com\/contacts\/\">https:\/\/lawspropertyportugal.com\/contacts\/<\/a>\n<a href=\"mailto:info@lawspropertyportugal.com\">info@lawspropertyportugal.com<\/a>\n\nEste documento foi atualizado pela \u00faltima vez em 22 de agosto de 2021.\n<h5><strong>Im\u00f3vel em Portugal<\/strong><\/h5>\nEste im\u00f3vel tem a refer\u00eancia: 137LGS\n\nPara mais informa\u00e7\u00f5es sobre a burocracia em Portugal, visite:\u00a0<a href=\"https:\/\/www.propertyguides.com\/portugal\/news\/5-top-tips-for-negotiating-bureaucracy-in-portugal\/\" target=\"_blank\" rel=\"noopener\">https:\/\/www.propertyguides.com\/portugal\/news\/5-top-tips-for-negotiating-bureaucracy-in-portugal\/<\/a>\t\t\t\t\t\t\t\t<\/div>\n\t\t\t\t<\/div>\n\t\t\t\t\t<\/div>\n\t\t\t\t<\/div>\n\t\t\t\t<\/div>\n\t\t","protected":false},"excerpt":{"rendered":"<p>Termos and Condi\u00e7\u00f5es Informa\u00e7\u00f5es Estes termos e condi\u00e7\u00f5es (\u201cAcordo\u201d) estabelecem os termos e condi\u00e7\u00f5es gerais de utiliza\u00e7\u00e3o do website lawspropertyportugal.com (\u201cWebsite\u201d ou \u201cServi\u00e7o\u201d) e de quaisquer produtos e servi\u00e7os relacionados (coletivamente, \u201cServi\u00e7os\u201d). Este Acordo \u00e9 juridicamente vinculativo entre si (\u201cUtilizador\u201d, \u201cvoc\u00ea\u201d ou \u201cseu\u201d) e a Laws Media\u00e7\u00e3o Imobili\u00e1ria Lda (com o nome comercial \u201cLaws Property [&hellip;]<\/p>\n","protected":false},"author":1,"featured_media":0,"parent":0,"menu_order":13,"comment_status":"closed","ping_status":"closed","template":"","meta":{"_acf_changed":false,"footnotes":""},"class_list":["post-4588","page","type-page","status-publish","hentry"],"acf":[],"_links":{"self":[{"href":"https:\/\/www.lawspropertyportugal.com\/pt-pt\/wp-json\/wp\/v2\/pages\/4588","targetHints":{"allow":["GET"]}}],"collection":[{"href":"https:\/\/www.lawspropertyportugal.com\/pt-pt\/wp-json\/wp\/v2\/pages"}],"about":[{"href":"https:\/\/www.lawspropertyportugal.com\/pt-pt\/wp-json\/wp\/v2\/types\/page"}],"author":[{"embeddable":true,"href":"https:\/\/www.lawspropertyportugal.com\/pt-pt\/wp-json\/wp\/v2\/users\/1"}],"replies":[{"embeddable":true,"href":"https:\/\/www.lawspropertyportugal.com\/pt-pt\/wp-json\/wp\/v2\/comments?post=4588"}],"version-history":[{"count":28,"href":"https:\/\/www.lawspropertyportugal.com\/pt-pt\/wp-json\/wp\/v2\/pages\/4588\/revisions"}],"predecessor-version":[{"id":5162,"href":"https:\/\/www.lawspropertyportugal.com\/pt-pt\/wp-json\/wp\/v2\/pages\/4588\/revisions\/5162"}],"wp:attachment":[{"href":"https:\/\/www.lawspropertyportugal.com\/pt-pt\/wp-json\/wp\/v2\/media?parent=4588"}],"curies":[{"name":"wp","href":"https:\/\/api.w.org\/{rel}","templated":true}]}}